{"id":3314,"date":"2022-10-20T14:02:15","date_gmt":"2022-10-20T14:02:15","guid":{"rendered":"http:\/\/tactico.com.py\/?page_id=3314"},"modified":"2024-07-05T15:00:32","modified_gmt":"2024-07-05T15:00:32","slug":"home","status":"publish","type":"page","link":"https:\/\/tactico.com.py\/","title":{"rendered":"Home"},"content":{"rendered":"\t\t<div data-elementor-type=\"wp-page\" data-elementor-id=\"3314\" class=\"elementor elementor-3314\">\n\t\t\t\t\t\t\t\t\t<section class=\"elementor-section elementor-top-section elementor-element elementor-element-00ab29c elementor-section-content-middle elementor-section-boxed elementor-section-height-default elementor-section-height-default\" data-id=\"00ab29c\" data-element_type=\"section\" id=\"liquidaciones\" data-settings=\"{&quot;background_background&quot;:&quot;classic&quot;}\">\n\t\t\t\t\t\t<div class=\"elementor-container elementor-column-gap-default\">\n\t\t\t\t\t<div class=\"elementor-column elementor-col-50 elementor-top-column elementor-element elementor-element-a82b7dc\" data-id=\"a82b7dc\" data-element_type=\"column\">\n\t\t\t<div class=\"elementor-widget-wrap elementor-element-populated\">\n\t\t\t\t\t\t\t\t<div class=\"elementor-element elementor-element-cf5d332 elementor-invisible elementor-widget elementor-widget-text-editor\" data-id=\"cf5d332\" data-element_type=\"widget\" data-settings=\"{&quot;_animation&quot;:&quot;fadeInLeft&quot;,&quot;_animation_delay&quot;:200}\" data-widget_type=\"text-editor.default\">\n\t\t\t\t<div class=\"elementor-widget-container\">\n\t\t\t\t\t\t\t<h3>\u00bfSabes <b>en qu\u00e9 fechas y cu\u00e1nto<\/b> tienes para cobrar de tus medios de pago?<\/h3>\t\t\t\t\t\t<\/div>\n\t\t\t\t<\/div>\n\t\t\t\t<div class=\"elementor-element elementor-element-047b534 elementor-invisible elementor-widget elementor-widget-text-editor\" data-id=\"047b534\" data-element_type=\"widget\" data-settings=\"{&quot;_animation&quot;:&quot;fadeInLeft&quot;,&quot;_animation_delay&quot;:450}\" data-widget_type=\"text-editor.default\">\n\t\t\t\t<div class=\"elementor-widget-container\">\n\t\t\t\t\t\t\t<h3>Controla que <strong>todas tus ventas<\/strong> <br \/>hayan sido procesadas y liquidadas.<\/h3>\t\t\t\t\t\t<\/div>\n\t\t\t\t<\/div>\n\t\t\t\t<div class=\"elementor-element elementor-element-a56335f elementor-invisible elementor-widget elementor-widget-text-editor\" data-id=\"a56335f\" data-element_type=\"widget\" data-settings=\"{&quot;_animation&quot;:&quot;fadeInLeft&quot;,&quot;_animation_delay&quot;:450}\" data-widget_type=\"text-editor.default\">\n\t\t\t\t<div class=\"elementor-widget-container\">\n\t\t\t\t\t\t\t<h3>Recibe asientos contables <br \/>de <strong>todas tus liquidaciones<\/strong>.<\/h3>\t\t\t\t\t\t<\/div>\n\t\t\t\t<\/div>\n\t\t\t\t\t<\/div>\n\t\t<\/div>\n\t\t\t\t<div class=\"elementor-column elementor-col-50 elementor-top-column elementor-element elementor-element-9a04100\" data-id=\"9a04100\" data-element_type=\"column\">\n\t\t\t<div class=\"elementor-widget-wrap elementor-element-populated\">\n\t\t\t\t\t\t\t\t<div class=\"elementor-element elementor-element-56b75c3 elementor-invisible elementor-widget elementor-widget-image\" data-id=\"56b75c3\" data-element_type=\"widget\" data-settings=\"{&quot;_animation&quot;:&quot;zoomIn&quot;}\" data-widget_type=\"image.default\">\n\t\t\t\t<div class=\"elementor-widget-container\">\n\t\t\t\t\t\t\t\t\t\t\t\t\t\t\t<img loading=\"lazy\" decoding=\"async\" width=\"582\" height=\"547\" src=\"https:\/\/tactico.com.py\/wp-content\/uploads\/2022\/11\/pagos3.png\" class=\"attachment-large size-large wp-image-3745\" alt=\"\" srcset=\"https:\/\/tactico.com.py\/wp-content\/uploads\/2022\/11\/pagos3.png 582w, https:\/\/tactico.com.py\/wp-content\/uploads\/2022\/11\/pagos3-300x282.png 300w\" sizes=\"auto, (max-width: 582px) 100vw, 582px\" \/>\t\t\t\t\t\t\t\t\t\t\t\t\t\t\t<\/div>\n\t\t\t\t<\/div>\n\t\t\t\t\t<\/div>\n\t\t<\/div>\n\t\t\t\t\t\t\t<\/div>\n\t\t<\/section>\n\t\t\t\t<section class=\"elementor-section elementor-top-section elementor-element elementor-element-84b2746 toggle_trigger elementor-section-boxed elementor-section-height-default elementor-section-height-default elementor-invisible\" data-id=\"84b2746\" data-element_type=\"section\" data-settings=\"{&quot;background_background&quot;:&quot;classic&quot;,&quot;animation&quot;:&quot;fadeInDown&quot;,&quot;animation_delay&quot;:1000}\">\n\t\t\t\t\t\t<div class=\"elementor-container elementor-column-gap-default\">\n\t\t\t\t\t<div class=\"elementor-column elementor-col-33 elementor-top-column elementor-element elementor-element-daa93d6 saber\" data-id=\"daa93d6\" data-element_type=\"column\" data-settings=\"{&quot;background_background&quot;:&quot;classic&quot;}\">\n\t\t\t<div class=\"elementor-widget-wrap elementor-element-populated\">\n\t\t\t\t\t\t\t\t<div class=\"elementor-element elementor-element-6a4922b elementor-widget elementor-widget-text-editor\" data-id=\"6a4922b\" data-element_type=\"widget\" data-widget_type=\"text-editor.default\">\n\t\t\t\t<div class=\"elementor-widget-container\">\n\t\t\t\t\t\t\t<p>SABER M\u00c1S<\/p>\t\t\t\t\t\t<\/div>\n\t\t\t\t<\/div>\n\t\t\t\t\t<\/div>\n\t\t<\/div>\n\t\t\t\t<div class=\"elementor-column elementor-col-33 elementor-top-column elementor-element elementor-element-f7e5743\" data-id=\"f7e5743\" data-element_type=\"column\" data-settings=\"{&quot;background_background&quot;:&quot;classic&quot;}\">\n\t\t\t<div class=\"elementor-widget-wrap elementor-element-populated\">\n\t\t\t\t\t\t\t\t<div class=\"elementor-element elementor-element-2154ced arrow elementor-view-default elementor-widget elementor-widget-icon\" data-id=\"2154ced\" data-element_type=\"widget\" data-widget_type=\"icon.default\">\n\t\t\t\t<div class=\"elementor-widget-container\">\n\t\t\t\t\t<div class=\"elementor-icon-wrapper\">\n\t\t\t<div class=\"elementor-icon\">\n\t\t\t<i aria-hidden=\"true\" class=\"fas fa-angle-down\"><\/i>\t\t\t<\/div>\n\t\t<\/div>\n\t\t\t\t<\/div>\n\t\t\t\t<\/div>\n\t\t\t\t\t<\/div>\n\t\t<\/div>\n\t\t\t\t<div class=\"elementor-column elementor-col-33 elementor-top-column elementor-element elementor-element-48a3c4d\" data-id=\"48a3c4d\" data-element_type=\"column\" data-settings=\"{&quot;background_background&quot;:&quot;classic&quot;}\">\n\t\t\t<div class=\"elementor-widget-wrap\">\n\t\t\t\t\t\t\t\t\t<\/div>\n\t\t<\/div>\n\t\t\t\t\t\t\t<\/div>\n\t\t<\/section>\n\t\t\t\t<section class=\"elementor-section elementor-top-section elementor-element elementor-element-d82dc47 toggle_content elementor-section-boxed elementor-section-height-default elementor-section-height-default\" data-id=\"d82dc47\" data-element_type=\"section\" data-settings=\"{&quot;background_background&quot;:&quot;classic&quot;}\">\n\t\t\t\t\t\t<div class=\"elementor-container elementor-column-gap-default\">\n\t\t\t\t\t<div class=\"elementor-column elementor-col-100 elementor-top-column elementor-element elementor-element-6765f60\" data-id=\"6765f60\" data-element_type=\"column\">\n\t\t\t<div class=\"elementor-widget-wrap elementor-element-populated\">\n\t\t\t\t\t\t\t\t<section class=\"elementor-section elementor-inner-section elementor-element elementor-element-92f7c83 elementor-section-boxed elementor-section-height-default elementor-section-height-default\" data-id=\"92f7c83\" data-element_type=\"section\">\n\t\t\t\t\t\t<div class=\"elementor-container elementor-column-gap-default\">\n\t\t\t\t\t<div class=\"elementor-column elementor-col-50 elementor-inner-column elementor-element elementor-element-7000636\" data-id=\"7000636\" data-element_type=\"column\">\n\t\t\t<div class=\"elementor-widget-wrap\">\n\t\t\t\t\t\t\t\t\t<\/div>\n\t\t<\/div>\n\t\t\t\t<div class=\"elementor-column elementor-col-50 elementor-inner-column elementor-element elementor-element-dfa2c15\" data-id=\"dfa2c15\" data-element_type=\"column\">\n\t\t\t<div class=\"elementor-widget-wrap\">\n\t\t\t\t\t\t\t\t\t<\/div>\n\t\t<\/div>\n\t\t\t\t\t\t\t<\/div>\n\t\t<\/section>\n\t\t\t\t<section class=\"elementor-section elementor-inner-section elementor-element elementor-element-40b5365 elementor-section-boxed elementor-section-height-default elementor-section-height-default\" data-id=\"40b5365\" data-element_type=\"section\">\n\t\t\t\t\t\t<div class=\"elementor-container elementor-column-gap-default\">\n\t\t\t\t\t<div class=\"elementor-column elementor-col-50 elementor-inner-column elementor-element elementor-element-376b93a\" data-id=\"376b93a\" data-element_type=\"column\">\n\t\t\t<div class=\"elementor-widget-wrap elementor-element-populated\">\n\t\t\t\t\t\t\t\t<div class=\"elementor-element elementor-element-6b56e47 elementor-widget elementor-widget-heading\" data-id=\"6b56e47\" data-element_type=\"widget\" data-widget_type=\"heading.default\">\n\t\t\t\t<div class=\"elementor-widget-container\">\n\t\t\t<h4 class=\"elementor-heading-title elementor-size-medium\">Liquidaciones \ny pagos<\/h4>\t\t<\/div>\n\t\t\t\t<\/div>\n\t\t\t\t<div class=\"elementor-element elementor-element-cba138e elementor-invisible elementor-widget elementor-widget-text-editor\" data-id=\"cba138e\" data-element_type=\"widget\" data-settings=\"{&quot;_animation&quot;:&quot;fadeInLeft&quot;,&quot;_animation_delay&quot;:450}\" data-widget_type=\"text-editor.default\">\n\t\t\t\t<div class=\"elementor-widget-container\">\n\t\t\t\t\t\t\t<h5 style=\"text-align: left;\">Registramos autom\u00e1ticamente las liquidaciones de toda la operativa con medios de pago.<\/h5>\t\t\t\t\t\t<\/div>\n\t\t\t\t<\/div>\n\t\t\t\t\t<\/div>\n\t\t<\/div>\n\t\t\t\t<div class=\"elementor-column elementor-col-50 elementor-inner-column elementor-element elementor-element-c9a6141\" data-id=\"c9a6141\" data-element_type=\"column\">\n\t\t\t<div class=\"elementor-widget-wrap elementor-element-populated\">\n\t\t\t\t\t\t\t\t<div class=\"elementor-element elementor-element-029aca0 elementor-invisible elementor-widget elementor-widget-text-editor\" data-id=\"029aca0\" data-element_type=\"widget\" data-settings=\"{&quot;_animation&quot;:&quot;fadeInLeft&quot;,&quot;_animation_delay&quot;:450}\" data-widget_type=\"text-editor.default\">\n\t\t\t\t<div class=\"elementor-widget-container\">\n\t\t\t\t\t\t\t<h3>Publicamos la informaci\u00f3n en <strong>nuestra plataforma<\/strong> para que puedas:<\/h3>\t\t\t\t\t\t<\/div>\n\t\t\t\t<\/div>\n\t\t\t\t<div class=\"elementor-element elementor-element-2bd0312 elementor-invisible elementor-widget elementor-widget-text-editor\" data-id=\"2bd0312\" data-element_type=\"widget\" data-settings=\"{&quot;_animation&quot;:&quot;fadeInLeft&quot;}\" data-widget_type=\"text-editor.default\">\n\t\t\t\t<div class=\"elementor-widget-container\">\n\t\t\t\t\t\t\t<ul><li><strong>Controlar<\/strong> que se hayan liquidado <strong>todas tus ventas<\/strong>.<\/li><li><strong>Evaluar costos<\/strong> por medio de pago y tomar <strong>mejores decisiones comerciales<\/strong>.<\/li><li><strong>Informarte de los importes y fechas<\/strong> que tienes para cobrar de cada medio de pago.<\/li><\/ul>\t\t\t\t\t\t<\/div>\n\t\t\t\t<\/div>\n\t\t\t\t\t<\/div>\n\t\t<\/div>\n\t\t\t\t\t\t\t<\/div>\n\t\t<\/section>\n\t\t\t\t<section class=\"elementor-section elementor-inner-section elementor-element elementor-element-091a526 elementor-section-boxed elementor-section-height-default elementor-section-height-default\" data-id=\"091a526\" data-element_type=\"section\">\n\t\t\t\t\t\t<div class=\"elementor-container elementor-column-gap-default\">\n\t\t\t\t\t<div class=\"elementor-column elementor-col-50 elementor-inner-column elementor-element elementor-element-acb9cbc\" data-id=\"acb9cbc\" data-element_type=\"column\">\n\t\t\t<div class=\"elementor-widget-wrap elementor-element-populated\">\n\t\t\t\t\t\t\t\t<div class=\"elementor-element elementor-element-ef022e8 elementor-invisible elementor-widget elementor-widget-text-editor\" data-id=\"ef022e8\" data-element_type=\"widget\" data-settings=\"{&quot;_animation&quot;:&quot;fadeInLeft&quot;,&quot;_animation_delay&quot;:450}\" data-widget_type=\"text-editor.default\">\n\t\t\t\t<div class=\"elementor-widget-container\">\n\t\t\t\t\t\t\t<h3><strong>Reduce los costos<\/strong><br \/>administrativos contables<\/h3>\t\t\t\t\t\t<\/div>\n\t\t\t\t<\/div>\n\t\t\t\t<div class=\"elementor-element elementor-element-c8e176c elementor-widget elementor-widget-image\" data-id=\"c8e176c\" data-element_type=\"widget\" data-widget_type=\"image.default\">\n\t\t\t\t<div class=\"elementor-widget-container\">\n\t\t\t\t\t\t\t\t\t\t\t\t\t\t\t<img loading=\"lazy\" decoding=\"async\" width=\"368\" height=\"376\" src=\"https:\/\/tactico.com.py\/wp-content\/uploads\/2022\/11\/2-8072-files.gif\" class=\"attachment-full size-full wp-image-3733\" alt=\"\" \/>\t\t\t\t\t\t\t\t\t\t\t\t\t\t\t<\/div>\n\t\t\t\t<\/div>\n\t\t\t\t\t<\/div>\n\t\t<\/div>\n\t\t\t\t<div class=\"elementor-column elementor-col-50 elementor-inner-column elementor-element elementor-element-5b90822\" data-id=\"5b90822\" data-element_type=\"column\">\n\t\t\t<div class=\"elementor-widget-wrap elementor-element-populated\">\n\t\t\t\t\t\t\t\t<div class=\"elementor-element elementor-element-804dfd1 elementor-invisible elementor-widget elementor-widget-heading\" data-id=\"804dfd1\" data-element_type=\"widget\" data-settings=\"{&quot;_animation&quot;:&quot;fadeInRight&quot;}\" data-widget_type=\"heading.default\">\n\t\t\t\t<div class=\"elementor-widget-container\">\n\t\t\t<h2 class=\"elementor-heading-title elementor-size-medium\">Enviamos un \u00fanico archivo con los asientos contables de las liquidaciones de todos tus medios de pago. <\/h2>\t\t<\/div>\n\t\t\t\t<\/div>\n\t\t\t\t<div class=\"elementor-element elementor-element-136afa0 elementor-invisible elementor-widget elementor-widget-heading\" data-id=\"136afa0\" data-element_type=\"widget\" data-settings=\"{&quot;_animation&quot;:&quot;fadeInRight&quot;,&quot;_animation_delay&quot;:300}\" data-widget_type=\"heading.default\">\n\t\t\t\t<div class=\"elementor-widget-container\">\n\t\t\t<h2 class=\"elementor-heading-title elementor-size-medium\">Personalizamos el formato del archivo para que sea compatible con tu software contable.<\/h2>\t\t<\/div>\n\t\t\t\t<\/div>\n\t\t\t\t\t<\/div>\n\t\t<\/div>\n\t\t\t\t\t\t\t<\/div>\n\t\t<\/section>\n\t\t\t\t\t<\/div>\n\t\t<\/div>\n\t\t\t\t\t\t\t<\/div>\n\t\t<\/section>\n\t\t\t\t<section class=\"elementor-section elementor-top-section elementor-element elementor-element-c60c790 elementor-section-full_width elementor-section-content-middle toggle_content elementor-section-height-default elementor-section-height-default elementor-invisible\" data-id=\"c60c790\" data-element_type=\"section\" data-settings=\"{&quot;background_background&quot;:&quot;classic&quot;,&quot;animation&quot;:&quot;fadeIn&quot;}\">\n\t\t\t\t\t\t<div class=\"elementor-container elementor-column-gap-no\">\n\t\t\t\t\t<div class=\"elementor-column elementor-col-100 elementor-top-column elementor-element elementor-element-4bbfb64\" data-id=\"4bbfb64\" data-element_type=\"column\">\n\t\t\t<div class=\"elementor-widget-wrap\">\n\t\t\t\t\t\t\t\t\t<\/div>\n\t\t<\/div>\n\t\t\t\t\t\t\t<\/div>\n\t\t<\/section>\n\t\t\t\t<section class=\"elementor-section elementor-top-section elementor-element elementor-element-dbc37b5 elementor-section-content-middle elementor-section-boxed elementor-section-height-default elementor-section-height-default\" data-id=\"dbc37b5\" data-element_type=\"section\" id=\"pagos\" data-settings=\"{&quot;background_background&quot;:&quot;classic&quot;}\">\n\t\t\t\t\t\t<div class=\"elementor-container elementor-column-gap-default\">\n\t\t\t\t\t<div class=\"elementor-column elementor-col-50 elementor-top-column elementor-element elementor-element-633e053\" data-id=\"633e053\" data-element_type=\"column\">\n\t\t\t<div class=\"elementor-widget-wrap elementor-element-populated\">\n\t\t\t\t\t\t\t\t<div class=\"elementor-element elementor-element-11969cb elementor-invisible elementor-widget elementor-widget-text-editor\" data-id=\"11969cb\" data-element_type=\"widget\" data-settings=\"{&quot;_animation&quot;:&quot;fadeInLeft&quot;,&quot;_animation_delay&quot;:200}\" data-widget_type=\"text-editor.default\">\n\t\t\t\t<div class=\"elementor-widget-container\">\n\t\t\t\t\t\t\t<h3 style=\"text-align: left;\">\u00bfCobras <strong>cuotas <\/strong><br \/><strong>o consumos mensuales<\/strong> <br \/>a tus clientes?<\/h3>\t\t\t\t\t\t<\/div>\n\t\t\t\t<\/div>\n\t\t\t\t<div class=\"elementor-element elementor-element-4fd4663 elementor-invisible elementor-widget elementor-widget-text-editor\" data-id=\"4fd4663\" data-element_type=\"widget\" data-settings=\"{&quot;_animation&quot;:&quot;fadeInLeft&quot;,&quot;_animation_delay&quot;:450}\" data-widget_type=\"text-editor.default\">\n\t\t\t\t<div class=\"elementor-widget-container\">\n\t\t\t\t\t\t\t<h3>\u00bfTrabajas con <strong>varios medios de pago<\/strong> y te dificulta presentar pagos recurrentes?<\/h3>\t\t\t\t\t\t<\/div>\n\t\t\t\t<\/div>\n\t\t\t\t\t<\/div>\n\t\t<\/div>\n\t\t\t\t<div class=\"elementor-column elementor-col-50 elementor-top-column elementor-element elementor-element-a21b14d\" data-id=\"a21b14d\" data-element_type=\"column\" data-settings=\"{&quot;background_background&quot;:&quot;classic&quot;}\">\n\t\t\t<div class=\"elementor-widget-wrap elementor-element-populated\">\n\t\t\t\t\t\t\t\t<div class=\"elementor-element elementor-element-74cfe2c elementor-invisible elementor-widget elementor-widget-image\" data-id=\"74cfe2c\" data-element_type=\"widget\" data-settings=\"{&quot;_animation&quot;:&quot;zoomIn&quot;}\" data-widget_type=\"image.default\">\n\t\t\t\t<div class=\"elementor-widget-container\">\n\t\t\t\t\t\t\t\t\t\t\t\t\t\t\t<img loading=\"lazy\" decoding=\"async\" width=\"800\" height=\"711\" src=\"https:\/\/tactico.com.py\/wp-content\/uploads\/2022\/11\/pagos.png\" class=\"attachment-large size-large wp-image-3737\" alt=\"\" srcset=\"https:\/\/tactico.com.py\/wp-content\/uploads\/2022\/11\/pagos.png 900w, https:\/\/tactico.com.py\/wp-content\/uploads\/2022\/11\/pagos-300x267.png 300w, https:\/\/tactico.com.py\/wp-content\/uploads\/2022\/11\/pagos-768x683.png 768w\" sizes=\"auto, (max-width: 800px) 100vw, 800px\" \/>\t\t\t\t\t\t\t\t\t\t\t\t\t\t\t<\/div>\n\t\t\t\t<\/div>\n\t\t\t\t\t<\/div>\n\t\t<\/div>\n\t\t\t\t\t\t\t<\/div>\n\t\t<\/section>\n\t\t\t\t<section class=\"elementor-section elementor-top-section elementor-element elementor-element-3ba2991 toggle_trigger elementor-section-boxed elementor-section-height-default elementor-section-height-default\" data-id=\"3ba2991\" data-element_type=\"section\" data-settings=\"{&quot;background_background&quot;:&quot;classic&quot;,&quot;animation&quot;:&quot;none&quot;,&quot;animation_delay&quot;:1000}\">\n\t\t\t\t\t\t<div class=\"elementor-container elementor-column-gap-default\">\n\t\t\t\t\t<div class=\"elementor-column elementor-col-33 elementor-top-column elementor-element elementor-element-23a08d5 saber elementor-invisible\" data-id=\"23a08d5\" data-element_type=\"column\" data-settings=\"{&quot;background_background&quot;:&quot;classic&quot;,&quot;animation&quot;:&quot;fadeInDown&quot;}\">\n\t\t\t<div class=\"elementor-widget-wrap elementor-element-populated\">\n\t\t\t\t\t\t\t\t<div class=\"elementor-element elementor-element-097693c elementor-widget elementor-widget-text-editor\" data-id=\"097693c\" data-element_type=\"widget\" data-widget_type=\"text-editor.default\">\n\t\t\t\t<div class=\"elementor-widget-container\">\n\t\t\t\t\t\t\t<p>SABER M\u00c1S<\/p>\t\t\t\t\t\t<\/div>\n\t\t\t\t<\/div>\n\t\t\t\t\t<\/div>\n\t\t<\/div>\n\t\t\t\t<div class=\"elementor-column elementor-col-33 elementor-top-column elementor-element elementor-element-3878650 elementor-invisible\" data-id=\"3878650\" data-element_type=\"column\" data-settings=\"{&quot;background_background&quot;:&quot;classic&quot;,&quot;animation&quot;:&quot;fadeInDown&quot;}\">\n\t\t\t<div class=\"elementor-widget-wrap elementor-element-populated\">\n\t\t\t\t\t\t\t\t<div class=\"elementor-element elementor-element-e61ef2f arrow elementor-view-default elementor-widget elementor-widget-icon\" data-id=\"e61ef2f\" data-element_type=\"widget\" data-widget_type=\"icon.default\">\n\t\t\t\t<div class=\"elementor-widget-container\">\n\t\t\t\t\t<div class=\"elementor-icon-wrapper\">\n\t\t\t<div class=\"elementor-icon\">\n\t\t\t<i aria-hidden=\"true\" class=\"fas fa-angle-down\"><\/i>\t\t\t<\/div>\n\t\t<\/div>\n\t\t\t\t<\/div>\n\t\t\t\t<\/div>\n\t\t\t\t\t<\/div>\n\t\t<\/div>\n\t\t\t\t<div class=\"elementor-column elementor-col-33 elementor-top-column elementor-element elementor-element-d5fd930\" data-id=\"d5fd930\" data-element_type=\"column\" data-settings=\"{&quot;background_background&quot;:&quot;classic&quot;}\">\n\t\t\t<div class=\"elementor-widget-wrap\">\n\t\t\t\t\t\t\t\t\t<\/div>\n\t\t<\/div>\n\t\t\t\t\t\t\t<\/div>\n\t\t<\/section>\n\t\t\t\t<section class=\"elementor-section elementor-top-section elementor-element elementor-element-7e8327a elementor-section-full_width elementor-section-content-middle toggle_content elementor-section-height-default elementor-section-height-default elementor-invisible\" data-id=\"7e8327a\" data-element_type=\"section\" data-settings=\"{&quot;animation&quot;:&quot;fadeIn&quot;,&quot;background_background&quot;:&quot;classic&quot;}\">\n\t\t\t\t\t\t<div class=\"elementor-container elementor-column-gap-no\">\n\t\t\t\t\t<div class=\"elementor-column elementor-col-50 elementor-top-column elementor-element elementor-element-3b3bdde\" data-id=\"3b3bdde\" data-element_type=\"column\">\n\t\t\t<div class=\"elementor-widget-wrap elementor-element-populated\">\n\t\t\t\t\t\t\t\t<div class=\"elementor-element elementor-element-70bed6c elementor-widget elementor-widget-heading\" data-id=\"70bed6c\" data-element_type=\"widget\" data-widget_type=\"heading.default\">\n\t\t\t\t<div class=\"elementor-widget-container\">\n\t\t\t<h4 class=\"elementor-heading-title elementor-size-default\">Pagos recurrentes<\/h4>\t\t<\/div>\n\t\t\t\t<\/div>\n\t\t\t\t\t<\/div>\n\t\t<\/div>\n\t\t\t\t<div class=\"elementor-column elementor-col-50 elementor-top-column elementor-element elementor-element-3bc814c elementor-invisible\" data-id=\"3bc814c\" data-element_type=\"column\" data-settings=\"{&quot;animation&quot;:&quot;fadeInRight&quot;,&quot;animation_delay&quot;:300}\">\n\t\t\t<div class=\"elementor-widget-wrap elementor-element-populated\">\n\t\t\t\t\t\t\t\t<div class=\"elementor-element elementor-element-0ea3b2e elementor-widget elementor-widget-text-editor\" data-id=\"0ea3b2e\" data-element_type=\"widget\" data-widget_type=\"text-editor.default\">\n\t\t\t\t<div class=\"elementor-widget-container\">\n\t\t\t\t\t\t\t<ul><li><p><strong>Aumenta<\/strong><b> la efectividad de tu cobranza<\/b> procesando tus pagos recurrentes con T\u00e1ctico.<\/p><\/li><li><p><b>Minimiza reclamos de tus clientes por procesamiento tard\u00edo<\/b> de Altas y Bajas de solicitudes de D\u00e9bito Autom\u00e1tico a trav\u00e9s de tus medios de pago. Las registramos y las publicamos en nuestro sitio web exclusivo para clientes o te las enviamos en un \u00fanico archivo para tu mayor comodidad.<\/p><\/li><li><p><b>Libera recursos administrativos y de sistemas para tareas de tu Core Business<\/b>. Nos env\u00edas en un \u00fanico archivo tus cuotas o consumos mensuales a cobrar para todos tus medios de pago y nosotros nos encargamos de procesarlo en cada uno.<\/p><\/li><li><p><strong>Olv\u00eddate de inversiones futuras por cambios de formato<\/strong> y procedimientos de presentaci\u00f3n con las Tarjetas y los Bancos. <\/p><\/li><li><p><strong>Identifica en el menor tiempo posible<\/strong> qu\u00e9 pagos fueron aceptados y cu\u00e1les no.<\/p><\/li><\/ul>\t\t\t\t\t\t<\/div>\n\t\t\t\t<\/div>\n\t\t\t\t\t<\/div>\n\t\t<\/div>\n\t\t\t\t\t\t\t<\/div>\n\t\t<\/section>\n\t\t\t\t\t\t\t<\/div>\n\t\t","protected":false},"excerpt":{"rendered":"<p>\u00bfSabes en qu\u00e9 fechas y cu\u00e1nto tienes para cobrar de tus medios de pago? Controla que todas tus ventas hayan sido procesadas y liquidadas. Recibe asientos contables de todas tus liquidaciones. SABER M\u00c1S Liquidaciones y pagos Registramos autom\u00e1ticamente las liquidaciones de toda la operativa con medios de pago. Publicamos la informaci\u00f3n en nuestra plataforma para [&hellip;]<\/p>\n","protected":false},"author":1,"featured_media":3318,"parent":0,"menu_order":0,"comment_status":"closed","ping_status":"closed","template":"elementor_header_footer","meta":{"footnotes":""},"class_list":["post-3314","page","type-page","status-publish","has-post-thumbnail","hentry"],"_links":{"self":[{"href":"https:\/\/tactico.com.py\/index.php?rest_route=\/wp\/v2\/pages\/3314","targetHints":{"allow":["GET"]}}],"collection":[{"href":"https:\/\/tactico.com.py\/index.php?rest_route=\/wp\/v2\/pages"}],"about":[{"href":"https:\/\/tactico.com.py\/index.php?rest_route=\/wp\/v2\/types\/page"}],"author":[{"embeddable":true,"href":"https:\/\/tactico.com.py\/index.php?rest_route=\/wp\/v2\/users\/1"}],"replies":[{"embeddable":true,"href":"https:\/\/tactico.com.py\/index.php?rest_route=%2Fwp%2Fv2%2Fcomments&post=3314"}],"version-history":[{"count":402,"href":"https:\/\/tactico.com.py\/index.php?rest_route=\/wp\/v2\/pages\/3314\/revisions"}],"predecessor-version":[{"id":3886,"href":"https:\/\/tactico.com.py\/index.php?rest_route=\/wp\/v2\/pages\/3314\/revisions\/3886"}],"wp:featuredmedia":[{"embeddable":true,"href":"https:\/\/tactico.com.py\/index.php?rest_route=\/wp\/v2\/media\/3318"}],"wp:attachment":[{"href":"https:\/\/tactico.com.py\/index.php?rest_route=%2Fwp%2Fv2%2Fmedia&parent=3314"}],"curies":[{"name":"wp","href":"https:\/\/api.w.org\/{rel}","templated":true}]}}